{"id":1676,"date":"2023-11-29T12:03:39","date_gmt":"2023-11-29T11:03:39","guid":{"rendered":"https:\/\/old.nido-ristorante.ch\/produkt\/bon-cadeau-nido\/"},"modified":"2024-04-26T15:47:07","modified_gmt":"2024-04-26T13:47:07","slug":"bon-cadeau-nido","status":"publish","type":"product","link":"https:\/\/old.nido-ristorante.ch\/fr\/produkt\/bon-cadeau-nido\/","title":{"rendered":"Bon cadeau NIDO"},"content":{"rendered":"","protected":false},"excerpt":{"rendered":"<p style=\"font-weight: 400;\"><strong>Savoure une exp\u00e9rience culinaire unique<\/strong><\/p>\n<p style=\"font-weight: 400;\">Le NIDO, situ\u00e9 sur le toit du grand magasin LOEB, est un lieu grandiose offrant un panorama \u00e9blouissant. La vue embrasse les toits de la vieille ville et porte jusque sur la cha\u00eene des Alpes bernoises, en direction de l\u2019Italie.\u00a0On y c\u00e9l\u00e8bre la v\u00e9ritable Italianit\u00e0, sans compromis, et pleine de surprises.<\/p>\n<p style=\"font-weight: 400;\">A presto!<\/p>\n<p style=\"font-weight: 400;\">Nous nous r\u00e9jouissons de ta visite.<\/p>\n","protected":false},"featured_media":1449,"template":"","meta":[],"product_brand":[],"product_cat":[51],"product_tag":[],"class_list":{"0":"post-1676","1":"product","2":"type-product","3":"status-publish","4":"has-post-thumbnail","6":"product_cat-gutscheine-fr","7":"product_shipping_class-download-fr","9":"first","10":"instock","11":"purchasable","12":"product-type-variable","13":"has-default-attributes"},"_links":{"self":[{"href":"https:\/\/old.nido-ristorante.ch\/fr\/wp-json\/wp\/v2\/product\/1676","targetHints":{"allow":["GET"]}}],"collection":[{"href":"https:\/\/old.nido-ristorante.ch\/fr\/wp-json\/wp\/v2\/product"}],"about":[{"href":"https:\/\/old.nido-ristorante.ch\/fr\/wp-json\/wp\/v2\/types\/product"}],"wp:featuredmedia":[{"embeddable":true,"href":"https:\/\/old.nido-ristorante.ch\/fr\/wp-json\/wp\/v2\/media\/1449"}],"wp:attachment":[{"href":"https:\/\/old.nido-ristorante.ch\/fr\/wp-json\/wp\/v2\/media?parent=1676"}],"wp:term":[{"taxonomy":"product_brand","embeddable":true,"href":"https:\/\/old.nido-ristorante.ch\/fr\/wp-json\/wp\/v2\/product_brand?post=1676"},{"taxonomy":"product_cat","embeddable":true,"href":"https:\/\/old.nido-ristorante.ch\/fr\/wp-json\/wp\/v2\/product_cat?post=1676"},{"taxonomy":"product_tag","embeddable":true,"href":"https:\/\/old.nido-ristorante.ch\/fr\/wp-json\/wp\/v2\/product_tag?post=1676"}],"curies":[{"name":"wp","href":"https:\/\/api.w.org\/{rel}","templated":true}]}}